{"id":11,"date":"2016-02-29T10:33:01","date_gmt":"2016-02-29T10:33:01","guid":{"rendered":"http:\/\/www.videc-decolletage.com\/?page_id=11"},"modified":"2018-09-12T09:17:18","modified_gmt":"2018-09-12T07:17:18","slug":"about","status":"publish","type":"page","link":"https:\/\/www.videc-decolletage.com\/en\/about\/","title":{"rendered":"About"},"content":{"rendered":"<p><section class=\"tg-main-section haslayout  how-we-work \"    >\r\n\t<div class=\"container\">\r\n\t\t\t\t<div class=\"row\">\t<div class=\"col-xs-12  \" >\r\n\t<div class=\"sc-work\">\r\n<div class=\"col-sm-8 col-sm-offset-2 col-xs-12\">\r\n\t<div class=\"tg-section-head tg-haslayout\">\r\n\t\t\t\t<div class=\"tg-section-heading tg-haslayout\">\r\n\t\t\t<h2>The company<\/h2>\r\n\t\t<\/div>\r\n\t\t\t\t\t\t\t<div class=\"tg-description tg-haslayout\">\r\n\t\t\t\t<p>Founded in 1950, and taken over in 2004 by Mr. Fabrice VIDAL, the company VIDEC D\u00e9colletage can pride itself for its renowned know-how. \nIts years of experience have allowed it to adapt to new technologies and grow its means of production. Today, it is recognized by its national and European clients for having a productive and high performance tool which offers great flexibilty, linking tradition to new high technology. Service and reactivity, as well as a capacity to adapt to special needs, are its main attributes and form the foundation of its current client partnerships.<\/p>\r\n\t\t\t<\/div>\r\n\t\t\t<\/div>\r\n<\/div>\r\n\t\t\t\t\t\r\n<div class=\"tg-howwework tg-haslayout\">\r\n\t\t\t<div class=\"col-lg-6 col-md-7 col-sm-12 col-xs-12 tg-verticalmiddle\">\r\n\t\t\t<figure>\r\n\t\t\t\t<img decoding=\"async\" src=\"\/\/www.videc-decolletage.com\/wp-content\/uploads\/2016\/03\/about-1.png\" alt=\"\">\r\n\t\t\t<\/figure>\r\n\t\t<\/div>\r\n\t\t<div class=\"col-lg-6 col-md-5 col-sm-12 col-xs-12 tg-verticalmiddle\">\r\n\t\t<div class=\"tg-textbox\">\r\n\t\t\t\t\t\t<div class=\"tg-description\">\r\n\t\t\t\t<p>VIDEC D\u00e9colletage :<\/p>\r\n\t\t\t<\/div>\r\n\t\t\t\t\t\t\t\t\t<ul>\r\n\t\t\t\t\t\t\t\t\t<li>\r\n\t\t\t\t\t\t<span class=\"tg-count\">01<\/span>\r\n\t\t\t\t\t\t<div class=\"tg-workdata\">\r\n\t\t\t\t\t\t\t\t\t\t\t\t\t\t<h3>A DYNAMIC INVESTMENT POLICY<\/h3>\r\n\t\t\t\t\t\t\t\t\t\t\t\t\t\t\t\t\t\t\t\t\t<div class=\"tg-work-description\">\r\n\t\t\t\t\t\t\t\t<p> \r\n<\/p>\r\n\t\t\t\t\t\t\t<\/div>\r\n\t\t\t\t\t\t\t\t\t\t\t\t\t<\/div>\r\n\t\t\t\t\t<\/li>\r\n\t\t\t\t\t\t\t\t\t<li>\r\n\t\t\t\t\t\t<span class=\"tg-count\">02<\/span>\r\n\t\t\t\t\t\t<div class=\"tg-workdata\">\r\n\t\t\t\t\t\t\t\t\t\t\t\t\t\t<h3>A CONSISTANT EYE ON TECHNOLOGICAL EVOLUTION <\/h3>\r\n\t\t\t\t\t\t\t\t\t\t\t\t\t\t\t\t\t\t\t\t\t<div class=\"tg-work-description\">\r\n\t\t\t\t\t\t\t\t<p> \r\n<\/p>\r\n\t\t\t\t\t\t\t<\/div>\r\n\t\t\t\t\t\t\t\t\t\t\t\t\t<\/div>\r\n\t\t\t\t\t<\/li>\r\n\t\t\t\t\t\t\t\t\t<li>\r\n\t\t\t\t\t\t<span class=\"tg-count\">03<\/span>\r\n\t\t\t\t\t\t<div class=\"tg-workdata\">\r\n\t\t\t\t\t\t\t\t\t\t\t\t\t\t<h3>A QUALIFIED STAFF<\/h3>\r\n\t\t\t\t\t\t\t\t\t\t\t\t\t\t\t\t\t\t\t\t\t<div class=\"tg-work-description\">\r\n\t\t\t\t\t\t\t\t<p> \r\n <\/p>\r\n\t\t\t\t\t\t\t<\/div>\r\n\t\t\t\t\t\t\t\t\t\t\t\t\t<\/div>\r\n\t\t\t\t\t<\/li>\r\n\t\t\t\t\t\t\t\t\t<li>\r\n\t\t\t\t\t\t<span class=\"tg-count\">04<\/span>\r\n\t\t\t\t\t\t<div class=\"tg-workdata\">\r\n\t\t\t\t\t\t\t\t\t\t\t\t\t\t<h3>A TRAINING STRATEGY SUITED TO TECHNICAL NEEDS<\/h3>\r\n\t\t\t\t\t\t\t\t\t\t\t\t\t\t\t\t\t\t\t\t\t<div class=\"tg-work-description\">\r\n\t\t\t\t\t\t\t\t<p> \r\n <\/p>\r\n\t\t\t\t\t\t\t<\/div>\r\n\t\t\t\t\t\t\t\t\t\t\t\t\t<\/div>\r\n\t\t\t\t\t<\/li>\r\n\t\t\t\t\t\t\t<\/ul>\r\n\t\t\t\t\t\t\t\t<\/div>\r\n\t<\/div>\r\n<\/div>\r\n<\/div>\r\n\r\n<\/div>\r\n<\/div>\r\n\t<\/div>\r\n<\/section>\r\n<section class=\"tg-main-section haslayout   \"  style=\"background-image:url(http:\/\/www.videc-decolletage.com\/wp-content\/uploads\/2016\/03\/bandeau.png);margin-top:0px;margin-bottom:0px;padding-top:100px;padding-bottom:100px;background-repeat:no-repeat;background-position:0% 100%; background-size: cover;\"  >\r\n\t<div class=\"container\">\r\n\t\t\t\t\t<\/div>\r\n<\/section>\r\n<section class=\"tg-main-section haslayout   \"    >\r\n\t<div class=\"container\">\r\n\t\t\t\t<div class=\"row\">\t<div class=\"col-xs-12  \" >\r\n\t\r\n<div class=\"col-sm-8 col-sm-offset-2 col-xs-12\">\r\n\t<div class=\"tg-section-head tg-haslayout\">\r\n\t\t\t\t<div class=\"tg-section-heading tg-haslayout\">\r\n\t\t\t<h2>MATIERES USINEES<\/h2>\r\n\t\t<\/div>\r\n\t\t\t\t\t\t\t<div class=\"tg-description tg-haslayout\">\r\n\t\t\t\t<p>Voici les principales mati\u00e8res que nous usinons :<\/p>\r\n\t\t\t<\/div>\r\n\t\t\t<\/div>\r\n<\/div>\r\n\t<\/div>\r\n<\/div>\r\n<div class=\"row\">\t<div class=\"col-xs-12 col-md-3  \" >\r\n\t<div class=\"sc-why-us\">\r\n\t<div class=\"tg-hotservices\">\r\n\t\t<div class=\"tg-choosewidth\">\r\n\t\t\t<div class=\"tg-hotservice \">\r\n\t\t\t\t<div class=\"tg-displaytable\">\r\n\t\t\t\t\t<div class=\"tg-displaytablecell\">\r\n\t\t\t\t\t\t<div class=\"tg-service-data\">\r\n\t\t\t\t\t\t\t\t\t\t\t\t\t\t<i class=\"fa fa-cube\"><\/i>\r\n\t\t\t\t\t\t\t\t\t\t\t\t\t\t\t\t\t\t\t\t\t<div class=\"tg-heading-border\">\r\n\t\t\t\t\t\t\t\t<h3><a href=\"\">Steel<\/a><\/h3>\r\n\t\t\t\t\t\t\t<\/div>\r\n\t\t\t\t\t\t\t\t\t\t\t\t\t\t\t\t\t\t\t\t<\/div>\r\n\t\t\t\t\t<\/div>\r\n\t\t\t\t<\/div>\r\n\t\t\t<\/div>\r\n\t\t<\/div>\r\n\t<\/div>\r\n<\/div><div class=\"sc-why-us\">\r\n\t<div class=\"tg-hotservices\">\r\n\t\t<div class=\"tg-choosewidth\">\r\n\t\t\t<div class=\"tg-hotservice \">\r\n\t\t\t\t<div class=\"tg-displaytable\">\r\n\t\t\t\t\t<div class=\"tg-displaytablecell\">\r\n\t\t\t\t\t\t<div class=\"tg-service-data\">\r\n\t\t\t\t\t\t\t\t\t\t\t\t\t\t<i class=\"fa fa-cube\"><\/i>\r\n\t\t\t\t\t\t\t\t\t\t\t\t\t\t\t\t\t\t\t\t\t<div class=\"tg-heading-border\">\r\n\t\t\t\t\t\t\t\t<h3><a href=\"#\">Copper<\/a><\/h3>\r\n\t\t\t\t\t\t\t<\/div>\r\n\t\t\t\t\t\t\t\t\t\t\t\t\t\t\t\t\t\t\t\t<\/div>\r\n\t\t\t\t\t<\/div>\r\n\t\t\t\t<\/div>\r\n\t\t\t<\/div>\r\n\t\t<\/div>\r\n\t<\/div>\r\n<\/div><\/div>\r\n<div class=\"col-xs-12 col-md-3  \" >\r\n\t<div class=\"sc-why-us\">\r\n\t<div class=\"tg-hotservices\">\r\n\t\t<div class=\"tg-choosewidth\">\r\n\t\t\t<div class=\"tg-hotservice \">\r\n\t\t\t\t<div class=\"tg-displaytable\">\r\n\t\t\t\t\t<div class=\"tg-displaytablecell\">\r\n\t\t\t\t\t\t<div class=\"tg-service-data\">\r\n\t\t\t\t\t\t\t\t\t\t\t\t\t\t<i class=\"fa fa-cube\"><\/i>\r\n\t\t\t\t\t\t\t\t\t\t\t\t\t\t\t\t\t\t\t\t\t<div class=\"tg-heading-border\">\r\n\t\t\t\t\t\t\t\t<h3><a href=\"#\">Brass<\/a><\/h3>\r\n\t\t\t\t\t\t\t<\/div>\r\n\t\t\t\t\t\t\t\t\t\t\t\t\t\t\t\t\t\t\t\t<\/div>\r\n\t\t\t\t\t<\/div>\r\n\t\t\t\t<\/div>\r\n\t\t\t<\/div>\r\n\t\t<\/div>\r\n\t<\/div>\r\n<\/div><div class=\"sc-why-us\">\r\n\t<div class=\"tg-hotservices\">\r\n\t\t<div class=\"tg-choosewidth\">\r\n\t\t\t<div class=\"tg-hotservice \">\r\n\t\t\t\t<div class=\"tg-displaytable\">\r\n\t\t\t\t\t<div class=\"tg-displaytablecell\">\r\n\t\t\t\t\t\t<div class=\"tg-service-data\">\r\n\t\t\t\t\t\t\t\t\t\t\t\t\t\t<i class=\"fa fa-cube\"><\/i>\r\n\t\t\t\t\t\t\t\t\t\t\t\t\t\t\t\t\t\t\t\t\t<div class=\"tg-heading-border\">\r\n\t\t\t\t\t\t\t\t<h3><a href=\"#\">Stainless steel<\/a><\/h3>\r\n\t\t\t\t\t\t\t<\/div>\r\n\t\t\t\t\t\t\t\t\t\t\t\t\t\t\t\t\t\t\t\t<\/div>\r\n\t\t\t\t\t<\/div>\r\n\t\t\t\t<\/div>\r\n\t\t\t<\/div>\r\n\t\t<\/div>\r\n\t<\/div>\r\n<\/div><\/div>\r\n<div class=\"col-xs-12 col-md-3  \" >\r\n\t<div class=\"sc-why-us\">\r\n\t<div class=\"tg-hotservices\">\r\n\t\t<div class=\"tg-choosewidth\">\r\n\t\t\t<div class=\"tg-hotservice \">\r\n\t\t\t\t<div class=\"tg-displaytable\">\r\n\t\t\t\t\t<div class=\"tg-displaytablecell\">\r\n\t\t\t\t\t\t<div class=\"tg-service-data\">\r\n\t\t\t\t\t\t\t\t\t\t\t\t\t\t<i class=\"fa fa-cube\"><\/i>\r\n\t\t\t\t\t\t\t\t\t\t\t\t\t\t\t\t\t\t\t\t\t<div class=\"tg-heading-border\">\r\n\t\t\t\t\t\t\t\t<h3><a href=\"#\">Dural<\/a><\/h3>\r\n\t\t\t\t\t\t\t<\/div>\r\n\t\t\t\t\t\t\t\t\t\t\t\t\t\t\t\t\t\t\t\t<\/div>\r\n\t\t\t\t\t<\/div>\r\n\t\t\t\t<\/div>\r\n\t\t\t<\/div>\r\n\t\t<\/div>\r\n\t<\/div>\r\n<\/div><div class=\"sc-why-us\">\r\n\t<div class=\"tg-hotservices\">\r\n\t\t<div class=\"tg-choosewidth\">\r\n\t\t\t<div class=\"tg-hotservice \">\r\n\t\t\t\t<div class=\"tg-displaytable\">\r\n\t\t\t\t\t<div class=\"tg-displaytablecell\">\r\n\t\t\t\t\t\t<div class=\"tg-service-data\">\r\n\t\t\t\t\t\t\t\t\t\t\t\t\t\t<i class=\"fa fa-cube\"><\/i>\r\n\t\t\t\t\t\t\t\t\t\t\t\t\t\t\t\t\t\t\t\t\t<div class=\"tg-heading-border\">\r\n\t\t\t\t\t\t\t\t<h3><a href=\"#\">Plastic<\/a><\/h3>\r\n\t\t\t\t\t\t\t<\/div>\r\n\t\t\t\t\t\t\t\t\t\t\t\t\t\t\t\t\t\t\t\t<\/div>\r\n\t\t\t\t\t<\/div>\r\n\t\t\t\t<\/div>\r\n\t\t\t<\/div>\r\n\t\t<\/div>\r\n\t<\/div>\r\n<\/div><\/div>\r\n<div class=\"col-xs-12 col-md-3  \" >\r\n\t<div class=\"sc-why-us\">\r\n\t<div class=\"tg-hotservices\">\r\n\t\t<div class=\"tg-choosewidth\">\r\n\t\t\t<div class=\"tg-hotservice tg-large\">\r\n\t\t\t\t<div class=\"tg-displaytable\">\r\n\t\t\t\t\t<div class=\"tg-displaytablecell\">\r\n\t\t\t\t\t\t<div class=\"tg-service-data\">\r\n\t\t\t\t\t\t\t\t\t\t\t\t\t\t<i class=\"fa fa-cube\"><\/i>\r\n\t\t\t\t\t\t\t\t\t\t\t\t\t\t\t\t\t\t\t\t\t<div class=\"tg-heading-border\">\r\n\t\t\t\t\t\t\t\t<h3><a href=\"#\">And many others<\/a><\/h3>\r\n\t\t\t\t\t\t\t<\/div>\r\n\t\t\t\t\t\t\t\t\t\t\t\t\t\t\t\t\t\t\t\t<\/div>\r\n\t\t\t\t\t<\/div>\r\n\t\t\t\t<\/div>\r\n\t\t\t<\/div>\r\n\t\t<\/div>\r\n\t<\/div>\r\n<\/div><\/div>\r\n<\/div>\r\n\t<\/div>\r\n<\/section>\r\n<section class=\"tg-main-section haslayout   \"  style=\"background-color:#1290d9;padding-top:50px;padding-bottom:50px;background-repeat:no-repeat;background-position:0% 100%; background-size: cover;\"  >\r\n\t<div class=\"container\">\r\n\t\t\t\t<div class=\"row\">\t<div class=\"col-xs-12  \" >\r\n\t<div class=\"tg-buynowbox\">\r\n\t<h3 style=\"color:#ffffff\">For more informations, contact us<\/h3>\r\n\t<a class=\"tg-btn\" style=\"color:#ffffff\" href=\" http:\/\/www.videc-decolletage.com\/contact\/ \">Click here<\/a>\r\n<\/div><\/div>\r\n<\/div>\r\n\t<\/div>\r\n<\/section>\r\n<\/p>\n","protected":false},"excerpt":{"rendered":"<p>The company Founded in 1950, and taken over in 2004 by Mr. Fabrice VIDAL, the company VIDEC D\u00e9colletage can pride itself for its renowned know-how. Its years of experience have allowed it to adapt to new technologies and grow its means of production. Today, it is recognized by its national and European clients for having&#8230;.<\/p>\n","protected":false},"author":2,"featured_media":0,"parent":0,"menu_order":0,"comment_status":"closed","ping_status":"closed","template":"template-parts\/template-fullwidth.php","meta":{"footnotes":""},"class_list":["post-11","page","type-page","status-publish","hentry"],"yoast_head":"<!-- This site is optimized with the Yoast SEO plugin v27.2 - https:\/\/yoast.com\/product\/yoast-seo-wordpress\/ -->\n<title>About - Videc | D\u00e9colletage de Pr\u00e9cision<\/title>\n<meta name=\"robots\" content=\"index, follow, max-snippet:-1, max-image-preview:large, max-video-preview:-1\" \/>\n<link rel=\"canonical\" href=\"https:\/\/www.videc-decolletage.com\/en\/about\/\" \/>\n<meta property=\"og:locale\" content=\"en_US\" \/>\n<meta property=\"og:type\" content=\"article\" \/>\n<meta property=\"og:title\" content=\"About - Videc | D\u00e9colletage de Pr\u00e9cision\" \/>\n<meta property=\"og:description\" content=\"The company Founded in 1950, and taken over in 2004 by Mr. Fabrice VIDAL, the company VIDEC D\u00e9colletage can pride itself for its renowned know-how. Its years of experience have allowed it to adapt to new technologies and grow its means of production. Today, it is recognized by its national and European clients for having....\" \/>\n<meta property=\"og:url\" content=\"https:\/\/www.videc-decolletage.com\/en\/about\/\" \/>\n<meta property=\"og:site_name\" content=\"Videc | D\u00e9colletage de Pr\u00e9cision\" \/>\n<meta property=\"article:modified_time\" content=\"2018-09-12T07:17:18+00:00\" \/>\n<meta name=\"twitter:card\" content=\"summary_large_image\" \/>\n<meta name=\"twitter:label1\" content=\"Est. reading time\" \/>\n\t<meta name=\"twitter:data1\" content=\"1 minute\" \/>\n<script type=\"application\/ld+json\" class=\"yoast-schema-graph\">{\"@context\":\"https:\/\/schema.org\",\"@graph\":[{\"@type\":\"WebPage\",\"@id\":\"https:\/\/www.videc-decolletage.com\/en\/about\/\",\"url\":\"https:\/\/www.videc-decolletage.com\/en\/about\/\",\"name\":\"About - Videc | D\u00e9colletage de Pr\u00e9cision\",\"isPartOf\":{\"@id\":\"https:\/\/www.videc-decolletage.com\/#website\"},\"datePublished\":\"2016-02-29T10:33:01+00:00\",\"dateModified\":\"2018-09-12T07:17:18+00:00\",\"breadcrumb\":{\"@id\":\"https:\/\/www.videc-decolletage.com\/en\/about\/#breadcrumb\"},\"inLanguage\":\"en-US\",\"potentialAction\":[{\"@type\":\"ReadAction\",\"target\":[\"https:\/\/www.videc-decolletage.com\/en\/about\/\"]}]},{\"@type\":\"BreadcrumbList\",\"@id\":\"https:\/\/www.videc-decolletage.com\/en\/about\/#breadcrumb\",\"itemListElement\":[{\"@type\":\"ListItem\",\"position\":1,\"name\":\"Accueil\",\"item\":\"https:\/\/www.videc-decolletage.com\/en\/\"},{\"@type\":\"ListItem\",\"position\":2,\"name\":\"About\"}]},{\"@type\":\"WebSite\",\"@id\":\"https:\/\/www.videc-decolletage.com\/#website\",\"url\":\"https:\/\/www.videc-decolletage.com\/\",\"name\":\"Videc | D\u00e9colletage de Pr\u00e9cision\",\"description\":\"Situ\u00e9 \u00e0 Magland en Haute Savoie\",\"potentialAction\":[{\"@type\":\"SearchAction\",\"target\":{\"@type\":\"EntryPoint\",\"urlTemplate\":\"https:\/\/www.videc-decolletage.com\/?s={search_term_string}\"},\"query-input\":{\"@type\":\"PropertyValueSpecification\",\"valueRequired\":true,\"valueName\":\"search_term_string\"}}],\"inLanguage\":\"en-US\"}]}<\/script>\n<!-- \/ Yoast SEO plugin. -->","yoast_head_json":{"title":"About - Videc | D\u00e9colletage de Pr\u00e9cision","robots":{"index":"index","follow":"follow","max-snippet":"max-snippet:-1","max-image-preview":"max-image-preview:large","max-video-preview":"max-video-preview:-1"},"canonical":"https:\/\/www.videc-decolletage.com\/en\/about\/","og_locale":"en_US","og_type":"article","og_title":"About - Videc | D\u00e9colletage de Pr\u00e9cision","og_description":"The company Founded in 1950, and taken over in 2004 by Mr. Fabrice VIDAL, the company VIDEC D\u00e9colletage can pride itself for its renowned know-how. Its years of experience have allowed it to adapt to new technologies and grow its means of production. Today, it is recognized by its national and European clients for having....","og_url":"https:\/\/www.videc-decolletage.com\/en\/about\/","og_site_name":"Videc | D\u00e9colletage de Pr\u00e9cision","article_modified_time":"2018-09-12T07:17:18+00:00","twitter_card":"summary_large_image","twitter_misc":{"Est. reading time":"1 minute"},"schema":{"@context":"https:\/\/schema.org","@graph":[{"@type":"WebPage","@id":"https:\/\/www.videc-decolletage.com\/en\/about\/","url":"https:\/\/www.videc-decolletage.com\/en\/about\/","name":"About - Videc | D\u00e9colletage de Pr\u00e9cision","isPartOf":{"@id":"https:\/\/www.videc-decolletage.com\/#website"},"datePublished":"2016-02-29T10:33:01+00:00","dateModified":"2018-09-12T07:17:18+00:00","breadcrumb":{"@id":"https:\/\/www.videc-decolletage.com\/en\/about\/#breadcrumb"},"inLanguage":"en-US","potentialAction":[{"@type":"ReadAction","target":["https:\/\/www.videc-decolletage.com\/en\/about\/"]}]},{"@type":"BreadcrumbList","@id":"https:\/\/www.videc-decolletage.com\/en\/about\/#breadcrumb","itemListElement":[{"@type":"ListItem","position":1,"name":"Accueil","item":"https:\/\/www.videc-decolletage.com\/en\/"},{"@type":"ListItem","position":2,"name":"About"}]},{"@type":"WebSite","@id":"https:\/\/www.videc-decolletage.com\/#website","url":"https:\/\/www.videc-decolletage.com\/","name":"Videc | D\u00e9colletage de Pr\u00e9cision","description":"Situ\u00e9 \u00e0 Magland en Haute Savoie","potentialAction":[{"@type":"SearchAction","target":{"@type":"EntryPoint","urlTemplate":"https:\/\/www.videc-decolletage.com\/?s={search_term_string}"},"query-input":{"@type":"PropertyValueSpecification","valueRequired":true,"valueName":"search_term_string"}}],"inLanguage":"en-US"}]}},"_links":{"self":[{"href":"https:\/\/www.videc-decolletage.com\/en\/wp-json\/wp\/v2\/pages\/11","targetHints":{"allow":["GET"]}}],"collection":[{"href":"https:\/\/www.videc-decolletage.com\/en\/wp-json\/wp\/v2\/pages"}],"about":[{"href":"https:\/\/www.videc-decolletage.com\/en\/wp-json\/wp\/v2\/types\/page"}],"author":[{"embeddable":true,"href":"https:\/\/www.videc-decolletage.com\/en\/wp-json\/wp\/v2\/users\/2"}],"replies":[{"embeddable":true,"href":"https:\/\/www.videc-decolletage.com\/en\/wp-json\/wp\/v2\/comments?post=11"}],"version-history":[{"count":0,"href":"https:\/\/www.videc-decolletage.com\/en\/wp-json\/wp\/v2\/pages\/11\/revisions"}],"wp:attachment":[{"href":"https:\/\/www.videc-decolletage.com\/en\/wp-json\/wp\/v2\/media?parent=11"}],"curies":[{"name":"wp","href":"https:\/\/api.w.org\/{rel}","templated":true}]}}