{"id":16,"date":"2016-02-29T10:35:08","date_gmt":"2016-02-29T10:35:08","guid":{"rendered":"http:\/\/www.videc-decolletage.com\/?page_id=16"},"modified":"2016-10-10T16:38:23","modified_gmt":"2016-10-10T14:38:23","slug":"news","status":"publish","type":"page","link":"https:\/\/www.videc-decolletage.com\/en\/news\/","title":{"rendered":"News"},"content":{"rendered":"<section class=\"tg-main-section haslayout   \"    >\r\n\t<div class=\"container\">\r\n\t\t\t\t<div class=\"row\">\t<div class=\"col-xs-12  \" >\r\n\t<div id=\"tg-content\" class=\"tg-content tg-blog-list tg-overflowhidden row\">\r\n\t\t\t\t<article class=\"tg-post\">\r\n\t\t\t\t\t\t\t<figure class=\"tg-post-img tg-haslayout\">\r\n\t\t\t\t\t<span class=\"tg-post-date\"><a>31 <em>May<\/em><\/a><\/span>\r\n\t\t\t\t\t<a href=\"https:\/\/www.videc-decolletage.com\/en\/actu1\/\"><img decoding=\"async\" src=\"https:\/\/www.videc-decolletage.com\/wp-content\/uploads\/2016\/05\/16.jpg\" alt=\"mise-en-ligne-de-notre-nouveau-site\"><\/a>\r\n\t\t\t\t<\/figure>\t\r\n\t\t\t\t\t\t<div class=\"tg-post-data tg-haslayout\">\r\n\t\t\t\t<ul class=\"tg-metadata\">\r\n\t\t\t\t\t<li>By: <a href=\"https:\/\/www.videc-decolletage.com\/en\/author\/videc\/\">Videc<\/a><\/li>\r\n\t\t\t\t\t<li><a href=\"https:\/\/www.videc-decolletage.com\/en\/actu1\/#respond\"> 0 Comments<\/a><\/li>\r\n\t\t\t\t<\/ul>\r\n\t\t\t\t<div class=\"tg-heading-border\">\r\n\t\t\t\t\t<h3><a href=\"https:\/\/www.videc-decolletage.com\/en\/actu1\/\">Mise en ligne de notre nouveau site <\/a><\/h3>\r\n\t\t\t\t<\/div>\r\n\t\t\t\t\t\t\t\t\t<div class=\"tg-description\">\r\n\t\t\t\t\t\tNous sommes heureux de vous pr\u00e9senter notre nouveau site Internet.\r\nVidec D\u00e9colletage vous propose un contenu, qui nous l...\t\t\t\t\t<\/div>\r\n\t\t\t\t\t\t\t\t<a class=\"tg-readmore\" href=\"https:\/\/www.videc-decolletage.com\/en\/actu1\/\">Read More &raquo;<\/a>\r\n\t\t\t\t\t\t\t<\/div>\r\n\t\t<\/article>\r\n\t\t\r\n\t\t\t\t<article class=\"tg-post\">\r\n\t\t\t\t\t\t\t<figure class=\"tg-post-img tg-haslayout\">\r\n\t\t\t\t\t<span class=\"tg-post-date\"><a>20 <em>Mar<\/em><\/a><\/span>\r\n\t\t\t\t\t<a href=\"https:\/\/www.videc-decolletage.com\/en\/acquisition-machine-citizen-m32-viii\/\"><img decoding=\"async\" src=\"https:\/\/www.videc-decolletage.com\/wp-content\/uploads\/2017\/03\/main_m32_01-501x250.png\" alt=\"acquisition-machine-citizen-m32-viii\"><\/a>\r\n\t\t\t\t<\/figure>\t\r\n\t\t\t\t\t\t<div class=\"tg-post-data tg-haslayout\">\r\n\t\t\t\t<ul class=\"tg-metadata\">\r\n\t\t\t\t\t<li>By: <a href=\"https:\/\/www.videc-decolletage.com\/en\/author\/videc\/\">Videc<\/a><\/li>\r\n\t\t\t\t\t<li><a href=\"https:\/\/www.videc-decolletage.com\/en\/acquisition-machine-citizen-m32-viii\/#respond\"> 0 Comments<\/a><\/li>\r\n\t\t\t\t<\/ul>\r\n\t\t\t\t<div class=\"tg-heading-border\">\r\n\t\t\t\t\t<h3><a href=\"https:\/\/www.videc-decolletage.com\/en\/acquisition-machine-citizen-m32-viii\/\">Acquisition machine Citizen M32-VIII <\/a><\/h3>\r\n\t\t\t\t<\/div>\r\n\t\t\t\t\t\t\t\t\t<div class=\"tg-description\">\r\n\t\t\t\t\t\t\t\t\t\t\t<\/div>\r\n\t\t\t\t\t\t\t\t<a class=\"tg-readmore\" href=\"https:\/\/www.videc-decolletage.com\/en\/acquisition-machine-citizen-m32-viii\/\">Read More &raquo;<\/a>\r\n\t\t\t\t\t\t\t<\/div>\r\n\t\t<\/article>\r\n\t\t\r\n\t\t<\/div>\r\n<div class=\"row\">\r\n\t<\/div>\r\n<\/div>\r\n<\/div>\r\n\t<\/div>\r\n<\/section>\r\n\n","protected":false},"excerpt":{"rendered":"","protected":false},"author":2,"featured_media":0,"parent":0,"menu_order":0,"comment_status":"closed","ping_status":"closed","template":"template-parts\/template-fullwidth.php","meta":{"footnotes":""},"class_list":["post-16","page","type-page","status-publish","hentry"],"yoast_head":"<!-- This site is optimized with the Yoast SEO plugin v27.2 - https:\/\/yoast.com\/product\/yoast-seo-wordpress\/ -->\n<title>News - Videc | D\u00e9colletage de Pr\u00e9cision<\/title>\n<meta name=\"robots\" content=\"index, follow, max-snippet:-1, max-image-preview:large, max-video-preview:-1\" \/>\n<link rel=\"canonical\" href=\"https:\/\/www.videc-decolletage.com\/en\/news\/\" \/>\n<meta property=\"og:locale\" content=\"en_US\" \/>\n<meta property=\"og:type\" content=\"article\" \/>\n<meta property=\"og:title\" content=\"News - Videc | D\u00e9colletage de Pr\u00e9cision\" \/>\n<meta property=\"og:url\" content=\"https:\/\/www.videc-decolletage.com\/en\/news\/\" \/>\n<meta property=\"og:site_name\" content=\"Videc | D\u00e9colletage de Pr\u00e9cision\" \/>\n<meta property=\"article:modified_time\" content=\"2016-10-10T14:38:23+00:00\" \/>\n<meta name=\"twitter:card\" content=\"summary_large_image\" \/>\n<script type=\"application\/ld+json\" class=\"yoast-schema-graph\">{\"@context\":\"https:\/\/schema.org\",\"@graph\":[{\"@type\":\"WebPage\",\"@id\":\"https:\/\/www.videc-decolletage.com\/en\/news\/\",\"url\":\"https:\/\/www.videc-decolletage.com\/en\/news\/\",\"name\":\"News - Videc | D\u00e9colletage de Pr\u00e9cision\",\"isPartOf\":{\"@id\":\"https:\/\/www.videc-decolletage.com\/#website\"},\"datePublished\":\"2016-02-29T10:35:08+00:00\",\"dateModified\":\"2016-10-10T14:38:23+00:00\",\"breadcrumb\":{\"@id\":\"https:\/\/www.videc-decolletage.com\/en\/news\/#breadcrumb\"},\"inLanguage\":\"en-US\",\"potentialAction\":[{\"@type\":\"ReadAction\",\"target\":[\"https:\/\/www.videc-decolletage.com\/en\/news\/\"]}]},{\"@type\":\"BreadcrumbList\",\"@id\":\"https:\/\/www.videc-decolletage.com\/en\/news\/#breadcrumb\",\"itemListElement\":[{\"@type\":\"ListItem\",\"position\":1,\"name\":\"Accueil\",\"item\":\"https:\/\/www.videc-decolletage.com\/en\/\"},{\"@type\":\"ListItem\",\"position\":2,\"name\":\"News\"}]},{\"@type\":\"WebSite\",\"@id\":\"https:\/\/www.videc-decolletage.com\/#website\",\"url\":\"https:\/\/www.videc-decolletage.com\/\",\"name\":\"Videc | D\u00e9colletage de Pr\u00e9cision\",\"description\":\"Situ\u00e9 \u00e0 Magland en Haute Savoie\",\"potentialAction\":[{\"@type\":\"SearchAction\",\"target\":{\"@type\":\"EntryPoint\",\"urlTemplate\":\"https:\/\/www.videc-decolletage.com\/?s={search_term_string}\"},\"query-input\":{\"@type\":\"PropertyValueSpecification\",\"valueRequired\":true,\"valueName\":\"search_term_string\"}}],\"inLanguage\":\"en-US\"}]}<\/script>\n<!-- \/ Yoast SEO plugin. -->","yoast_head_json":{"title":"News - Videc | D\u00e9colletage de Pr\u00e9cision","robots":{"index":"index","follow":"follow","max-snippet":"max-snippet:-1","max-image-preview":"max-image-preview:large","max-video-preview":"max-video-preview:-1"},"canonical":"https:\/\/www.videc-decolletage.com\/en\/news\/","og_locale":"en_US","og_type":"article","og_title":"News - Videc | D\u00e9colletage de Pr\u00e9cision","og_url":"https:\/\/www.videc-decolletage.com\/en\/news\/","og_site_name":"Videc | D\u00e9colletage de Pr\u00e9cision","article_modified_time":"2016-10-10T14:38:23+00:00","twitter_card":"summary_large_image","schema":{"@context":"https:\/\/schema.org","@graph":[{"@type":"WebPage","@id":"https:\/\/www.videc-decolletage.com\/en\/news\/","url":"https:\/\/www.videc-decolletage.com\/en\/news\/","name":"News - Videc | D\u00e9colletage de Pr\u00e9cision","isPartOf":{"@id":"https:\/\/www.videc-decolletage.com\/#website"},"datePublished":"2016-02-29T10:35:08+00:00","dateModified":"2016-10-10T14:38:23+00:00","breadcrumb":{"@id":"https:\/\/www.videc-decolletage.com\/en\/news\/#breadcrumb"},"inLanguage":"en-US","potentialAction":[{"@type":"ReadAction","target":["https:\/\/www.videc-decolletage.com\/en\/news\/"]}]},{"@type":"BreadcrumbList","@id":"https:\/\/www.videc-decolletage.com\/en\/news\/#breadcrumb","itemListElement":[{"@type":"ListItem","position":1,"name":"Accueil","item":"https:\/\/www.videc-decolletage.com\/en\/"},{"@type":"ListItem","position":2,"name":"News"}]},{"@type":"WebSite","@id":"https:\/\/www.videc-decolletage.com\/#website","url":"https:\/\/www.videc-decolletage.com\/","name":"Videc | D\u00e9colletage de Pr\u00e9cision","description":"Situ\u00e9 \u00e0 Magland en Haute Savoie","potentialAction":[{"@type":"SearchAction","target":{"@type":"EntryPoint","urlTemplate":"https:\/\/www.videc-decolletage.com\/?s={search_term_string}"},"query-input":{"@type":"PropertyValueSpecification","valueRequired":true,"valueName":"search_term_string"}}],"inLanguage":"en-US"}]}},"_links":{"self":[{"href":"https:\/\/www.videc-decolletage.com\/en\/wp-json\/wp\/v2\/pages\/16","targetHints":{"allow":["GET"]}}],"collection":[{"href":"https:\/\/www.videc-decolletage.com\/en\/wp-json\/wp\/v2\/pages"}],"about":[{"href":"https:\/\/www.videc-decolletage.com\/en\/wp-json\/wp\/v2\/types\/page"}],"author":[{"embeddable":true,"href":"https:\/\/www.videc-decolletage.com\/en\/wp-json\/wp\/v2\/users\/2"}],"replies":[{"embeddable":true,"href":"https:\/\/www.videc-decolletage.com\/en\/wp-json\/wp\/v2\/comments?post=16"}],"version-history":[{"count":0,"href":"https:\/\/www.videc-decolletage.com\/en\/wp-json\/wp\/v2\/pages\/16\/revisions"}],"wp:attachment":[{"href":"https:\/\/www.videc-decolletage.com\/en\/wp-json\/wp\/v2\/media?parent=16"}],"curies":[{"name":"wp","href":"https:\/\/api.w.org\/{rel}","templated":true}]}}