{"id":26,"date":"2016-02-29T10:37:32","date_gmt":"2016-02-29T10:37:32","guid":{"rendered":"http:\/\/www.videc-decolletage.com\/?page_id=26"},"modified":"2020-07-08T14:30:32","modified_gmt":"2020-07-08T12:30:32","slug":"contact","status":"publish","type":"page","link":"https:\/\/www.videc-decolletage.com\/en\/contact\/","title":{"rendered":"Contact"},"content":{"rendered":"<p><section class=\"tg-main-section haslayout   \"  style=\"padding-bottom:0px;background-repeat:no-repeat;background-position:0% 100%; background-size: cover;\"  >\r\n\t<div class=\"container\">\r\n\t\t\t\t<div class=\"row\">\t<div class=\"col-xs-12  col-md-4  \" >\r\n\t<div class=\"sc-contactinfo\">\r\n\t<div class=\"tg-info\">\r\n\t\t<div class=\"tg-infobox tg-border\">\r\n\t\t\t<div class=\"tg-displaytable\">\r\n\t\t\t\t<div class=\"tg-displaytablecell\">\r\n\t\t\t\t\t\t\t\t\t\t\t<i class=\"icon-location\"><\/i>\r\n\t\t\t\t\t\t\t\t\t\t<div class=\"tg-heading-border\">\r\n\t\t\t\t\t\t\t\t\t\t\t\t<h3>Find us<\/h3>\r\n\t\t\t\t\t\t\t\t\t\t\t\t\t\t\t\t\t\t\t<span>124 route du vely <\/span>\r\n\t\t\t\t\t\t\t\t\t\t\t\t\t<span>74300 MAGLAND<\/span>\r\n\t\t\t\t\t\t\t\t\t\t\t<\/div>\r\n\t\t\t\t<\/div>\r\n\t\t\t<\/div>\r\n\t\t<\/div>\r\n\t<\/div>\r\n<\/div><\/div>\r\n<div class=\"col-xs-12  col-md-4  \" >\r\n\t<div class=\"sc-contactinfo\">\r\n\t<div class=\"tg-info\">\r\n\t\t<div class=\"tg-infobox tg-border\">\r\n\t\t\t<div class=\"tg-displaytable\">\r\n\t\t\t\t<div class=\"tg-displaytablecell\">\r\n\t\t\t\t\t\t\t\t\t\t\t<i class=\"icon-telephone60\"><\/i>\r\n\t\t\t\t\t\t\t\t\t\t<div class=\"tg-heading-border\">\r\n\t\t\t\t\t\t\t\t\t\t\t\t<h3>Call us<\/h3>\r\n\t\t\t\t\t\t\t\t\t\t\t\t\t\t\t\t\t\t\t<span>+33 - 450 - 34 - 70 - 33<\/span>\r\n\t\t\t\t\t\t\t\t\t\t\t\t\t<span>+33 - 450 - 34 - 74 - 29 (Fax)<\/span>\r\n\t\t\t\t\t\t\t\t\t\t\t<\/div>\r\n\t\t\t\t<\/div>\r\n\t\t\t<\/div>\r\n\t\t<\/div>\r\n\t<\/div>\r\n<\/div><\/div>\r\n<div class=\"col-xs-12  col-md-4  \" >\r\n\t<div class=\"sc-contactinfo\">\r\n\t<div class=\"tg-info\">\r\n\t\t<div class=\"tg-infobox tg-border\">\r\n\t\t\t<div class=\"tg-displaytable\">\r\n\t\t\t\t<div class=\"tg-displaytablecell\">\r\n\t\t\t\t\t\t\t\t\t\t\t<i class=\"icon-email\"><\/i>\r\n\t\t\t\t\t\t\t\t\t\t<div class=\"tg-heading-border\">\r\n\t\t\t\t\t\t\t\t\t\t\t\t<h3>EMAIL<\/h3>\r\n\t\t\t\t\t\t\t\t\t\t\t\t\t\t\t\t\t\t\t<span>info@videc-decolletage.com<\/span>\r\n\t\t\t\t\t\t\t\t\t\t\t\t\t<span><\/span>\r\n\t\t\t\t\t\t\t\t\t\t\t<\/div>\r\n\t\t\t\t<\/div>\r\n\t\t\t<\/div>\r\n\t\t<\/div>\r\n\t<\/div>\r\n<\/div><\/div>\r\n<\/div>\r\n\t<\/div>\r\n<\/section>\r\n<section class=\"tg-main-section haslayout   \"    >\r\n\t<div class=\"container-fluid\">\r\n\t\t\t\t<div class=\"row\">\t<div class=\"col-xs-12 col-md-6  \" >\r\n\t<div class=\"tg-relativepostion tg-lightgray tg-haslayout\">\r\n\t<div class=\"col-xs-12\">\r\n\t\t<div class=\"row\">\r\n\t\t\t<div class=\"tg-mapbox\">\r\n\t\t\t\t<div id=\"tg-location-map-1\" style=\"height:17\" class=\"tg-location-map tg-haslayout\"><\/div>\r\n\t\t\t<\/div>\r\n\t\t<\/div>\r\n\t<\/div>\r\n<\/div>\r\n<script>\r\n\t\/* -------------------------------------\r\n\t Google Map\r\n\t -------------------------------------- *\/\r\n\tjQuery(document).ready(function () {\r\n\t\tjQuery(\"#tg-location-map-1\").gmap3({\r\n\t\t\tmarker: {\r\n\t\t\t\taddress: \"957 Route Nationale\\n74300 MAGLAND\",\r\n\t\t\t\toptions: {\r\n\t\t\t\t\t icon: new google.maps.MarkerImage(\r\n\t\t\t\t\t   \"Array\"\r\n\t\t\t\t\t )\r\n\t\t\t\t\t}\r\n\t\t\t},\r\n\t\t\tmap: {\r\n\t\t\t\toptions: {\r\n\t\t\t\t\tzoom: 17,\r\n\t\t\t\t\tscrollwheel: false,\r\n\t\t\t\t\tdisableDoubleClickZoom: false,\r\n\t\t\t\t}\r\n\t\t\t}\r\n\t\t});\r\n\t});\r\n<\/script>\t\t<\/div>\r\n<div class=\"col-xs-12  col-md-4  \" >\r\n\t\r\n<div class=\"heading-pattern\">\r\n    <\/div>\r\n        <div class=\"description\">\r\n        <h2>Contact us<\/h2>\n<p>Please complete the form below<\/p>\n<p>\n<div class=\"wpcf7 no-js\" id=\"wpcf7-f685-o1\" lang=\"fr-FR\" dir=\"ltr\" data-wpcf7-id=\"685\">\n<div class=\"screen-reader-response\"><p role=\"status\" aria-live=\"polite\" aria-atomic=\"true\"><\/p> <ul><\/ul><\/div>\n<form action=\"\/en\/wp-json\/wp\/v2\/pages\/26#wpcf7-f685-o1\" method=\"post\" class=\"wpcf7-form init\" aria-label=\"Formulaire de contact\" novalidate=\"novalidate\" data-status=\"init\">\n<fieldset class=\"hidden-fields-container\"><input type=\"hidden\" name=\"_wpcf7\" value=\"685\" \/><input type=\"hidden\" name=\"_wpcf7_version\" value=\"6.1.5\" \/><input type=\"hidden\" name=\"_wpcf7_locale\" value=\"fr_FR\" \/><input type=\"hidden\" name=\"_wpcf7_unit_tag\" value=\"wpcf7-f685-o1\" \/><input type=\"hidden\" name=\"_wpcf7_container_post\" value=\"0\" \/><input type=\"hidden\" name=\"_wpcf7_posted_data_hash\" value=\"\" \/><input type=\"hidden\" name=\"_wpcf7_recaptcha_response\" value=\"\" \/>\n<\/fieldset>\n<p>Name\n<\/p>\n<p><span class=\"wpcf7-form-control-wrap\" data-name=\"your-name\"><input size=\"40\" maxlength=\"400\" class=\"wpcf7-form-control wpcf7-text wpcf7-validates-as-required\" aria-required=\"true\" aria-invalid=\"false\" value=\"\" type=\"text\" name=\"your-name\" \/><\/span>\n<\/p>\n<p>Email (obligatoire)\n<\/p>\n<p><span class=\"wpcf7-form-control-wrap\" data-name=\"your-email\"><input size=\"40\" maxlength=\"400\" class=\"wpcf7-form-control wpcf7-email wpcf7-validates-as-required wpcf7-text wpcf7-validates-as-email\" aria-required=\"true\" aria-invalid=\"false\" value=\"\" type=\"email\" name=\"your-email\" \/><\/span>\n<\/p>\n<p>Subject\n<\/p>\n<p><span class=\"wpcf7-form-control-wrap\" data-name=\"your-subject\"><input size=\"40\" maxlength=\"400\" class=\"wpcf7-form-control wpcf7-text\" aria-invalid=\"false\" value=\"\" type=\"text\" name=\"your-subject\" \/><\/span>\n<\/p>\n<p>Message\n<\/p>\n<p><span class=\"wpcf7-form-control-wrap\" data-name=\"your-message\"><textarea cols=\"40\" rows=\"10\" maxlength=\"2000\" class=\"wpcf7-form-control wpcf7-textarea\" aria-invalid=\"false\" name=\"your-message\"><\/textarea><\/span>\n<\/p>\n\n<p><input class=\"wpcf7-form-control wpcf7-submit has-spinner\" type=\"submit\" value=\"Send\" \/>\n<\/p><p style=\"display: none !important;\" class=\"akismet-fields-container\" data-prefix=\"_wpcf7_ak_\"><label>&#916;<textarea name=\"_wpcf7_ak_hp_textarea\" cols=\"45\" rows=\"8\" maxlength=\"100\"><\/textarea><\/label><input type=\"hidden\" id=\"ak_js_1\" name=\"_wpcf7_ak_js\" value=\"111\"\/><script>document.getElementById( \"ak_js_1\" ).setAttribute( \"value\", ( new Date() ).getTime() );<\/script><\/p><div class=\"wpcf7-response-output\" aria-hidden=\"true\"><\/div>\n<\/form>\n<\/div>\n<\/p>\n<p>&nbsp;<\/p>        <\/div>\r\n<\/div>\r\n<\/div>\r\n\t<\/div>\r\n<\/section>\r\n<\/p>\n","protected":false},"excerpt":{"rendered":"<p>Find us 124 route du vely 74300 MAGLAND Call us +33 &#8211; 450 &#8211; 34 &#8211; 70 &#8211; 33 +33 &#8211; 450 &#8211; 34 &#8211; 74 &#8211; 29 (Fax) EMAIL info@videc-decolletage.com Contact us Please complete the form below Name Email (obligatoire) Subject Message &#916; &nbsp;<\/p>\n","protected":false},"author":2,"featured_media":0,"parent":0,"menu_order":0,"comment_status":"closed","ping_status":"closed","template":"template-parts\/template-fullwidth.php","meta":{"footnotes":""},"class_list":["post-26","page","type-page","status-publish","hentry"],"yoast_head":"<!-- This site is optimized with the Yoast SEO plugin v27.4 - https:\/\/yoast.com\/product\/yoast-seo-wordpress\/ -->\n<title>Contact - Videc | D\u00e9colletage de Pr\u00e9cision<\/title>\n<meta name=\"robots\" content=\"index, follow, max-snippet:-1, max-image-preview:large, max-video-preview:-1\" \/>\n<link rel=\"canonical\" href=\"https:\/\/www.videc-decolletage.com\/en\/contact\/\" \/>\n<meta property=\"og:locale\" content=\"en_US\" \/>\n<meta property=\"og:type\" content=\"article\" \/>\n<meta property=\"og:title\" content=\"Contact - Videc | D\u00e9colletage de Pr\u00e9cision\" \/>\n<meta property=\"og:description\" content=\"Find us 124 route du vely 74300 MAGLAND Call us +33 - 450 - 34 - 70 - 33 +33 - 450 - 34 - 74 - 29 (Fax) EMAIL info@videc-decolletage.com Contact us Please complete the form below Name Email (obligatoire) Subject Message &#916; &nbsp;\" \/>\n<meta property=\"og:url\" content=\"https:\/\/www.videc-decolletage.com\/en\/contact\/\" \/>\n<meta property=\"og:site_name\" content=\"Videc | D\u00e9colletage de Pr\u00e9cision\" \/>\n<meta property=\"article:modified_time\" content=\"2020-07-08T12:30:32+00:00\" \/>\n<meta name=\"twitter:card\" content=\"summary_large_image\" \/>\n<script type=\"application\/ld+json\" class=\"yoast-schema-graph\">{\"@context\":\"https:\\\/\\\/schema.org\",\"@graph\":[{\"@type\":\"WebPage\",\"@id\":\"https:\\\/\\\/www.videc-decolletage.com\\\/en\\\/contact\\\/\",\"url\":\"https:\\\/\\\/www.videc-decolletage.com\\\/en\\\/contact\\\/\",\"name\":\"Contact - Videc | D\u00e9colletage de Pr\u00e9cision\",\"isPartOf\":{\"@id\":\"https:\\\/\\\/www.videc-decolletage.com\\\/#website\"},\"datePublished\":\"2016-02-29T10:37:32+00:00\",\"dateModified\":\"2020-07-08T12:30:32+00:00\",\"breadcrumb\":{\"@id\":\"https:\\\/\\\/www.videc-decolletage.com\\\/en\\\/contact\\\/#breadcrumb\"},\"inLanguage\":\"en-US\",\"potentialAction\":[{\"@type\":\"ReadAction\",\"target\":[\"https:\\\/\\\/www.videc-decolletage.com\\\/en\\\/contact\\\/\"]}]},{\"@type\":\"BreadcrumbList\",\"@id\":\"https:\\\/\\\/www.videc-decolletage.com\\\/en\\\/contact\\\/#breadcrumb\",\"itemListElement\":[{\"@type\":\"ListItem\",\"position\":1,\"name\":\"Accueil\",\"item\":\"https:\\\/\\\/www.videc-decolletage.com\\\/en\\\/\"},{\"@type\":\"ListItem\",\"position\":2,\"name\":\"Contact\"}]},{\"@type\":\"WebSite\",\"@id\":\"https:\\\/\\\/www.videc-decolletage.com\\\/#website\",\"url\":\"https:\\\/\\\/www.videc-decolletage.com\\\/\",\"name\":\"Videc | D\u00e9colletage de Pr\u00e9cision\",\"description\":\"Situ\u00e9 \u00e0 Magland en Haute Savoie\",\"potentialAction\":[{\"@type\":\"SearchAction\",\"target\":{\"@type\":\"EntryPoint\",\"urlTemplate\":\"https:\\\/\\\/www.videc-decolletage.com\\\/?s={search_term_string}\"},\"query-input\":{\"@type\":\"PropertyValueSpecification\",\"valueRequired\":true,\"valueName\":\"search_term_string\"}}],\"inLanguage\":\"en-US\"}]}<\/script>\n<!-- \/ Yoast SEO plugin. -->","yoast_head_json":{"title":"Contact - Videc | D\u00e9colletage de Pr\u00e9cision","robots":{"index":"index","follow":"follow","max-snippet":"max-snippet:-1","max-image-preview":"max-image-preview:large","max-video-preview":"max-video-preview:-1"},"canonical":"https:\/\/www.videc-decolletage.com\/en\/contact\/","og_locale":"en_US","og_type":"article","og_title":"Contact - Videc | D\u00e9colletage de Pr\u00e9cision","og_description":"Find us 124 route du vely 74300 MAGLAND Call us +33 - 450 - 34 - 70 - 33 +33 - 450 - 34 - 74 - 29 (Fax) EMAIL info@videc-decolletage.com Contact us Please complete the form below Name Email (obligatoire) Subject Message &#916; &nbsp;","og_url":"https:\/\/www.videc-decolletage.com\/en\/contact\/","og_site_name":"Videc | D\u00e9colletage de Pr\u00e9cision","article_modified_time":"2020-07-08T12:30:32+00:00","twitter_card":"summary_large_image","schema":{"@context":"https:\/\/schema.org","@graph":[{"@type":"WebPage","@id":"https:\/\/www.videc-decolletage.com\/en\/contact\/","url":"https:\/\/www.videc-decolletage.com\/en\/contact\/","name":"Contact - Videc | D\u00e9colletage de Pr\u00e9cision","isPartOf":{"@id":"https:\/\/www.videc-decolletage.com\/#website"},"datePublished":"2016-02-29T10:37:32+00:00","dateModified":"2020-07-08T12:30:32+00:00","breadcrumb":{"@id":"https:\/\/www.videc-decolletage.com\/en\/contact\/#breadcrumb"},"inLanguage":"en-US","potentialAction":[{"@type":"ReadAction","target":["https:\/\/www.videc-decolletage.com\/en\/contact\/"]}]},{"@type":"BreadcrumbList","@id":"https:\/\/www.videc-decolletage.com\/en\/contact\/#breadcrumb","itemListElement":[{"@type":"ListItem","position":1,"name":"Accueil","item":"https:\/\/www.videc-decolletage.com\/en\/"},{"@type":"ListItem","position":2,"name":"Contact"}]},{"@type":"WebSite","@id":"https:\/\/www.videc-decolletage.com\/#website","url":"https:\/\/www.videc-decolletage.com\/","name":"Videc | D\u00e9colletage de Pr\u00e9cision","description":"Situ\u00e9 \u00e0 Magland en Haute Savoie","potentialAction":[{"@type":"SearchAction","target":{"@type":"EntryPoint","urlTemplate":"https:\/\/www.videc-decolletage.com\/?s={search_term_string}"},"query-input":{"@type":"PropertyValueSpecification","valueRequired":true,"valueName":"search_term_string"}}],"inLanguage":"en-US"}]}},"_links":{"self":[{"href":"https:\/\/www.videc-decolletage.com\/en\/wp-json\/wp\/v2\/pages\/26","targetHints":{"allow":["GET"]}}],"collection":[{"href":"https:\/\/www.videc-decolletage.com\/en\/wp-json\/wp\/v2\/pages"}],"about":[{"href":"https:\/\/www.videc-decolletage.com\/en\/wp-json\/wp\/v2\/types\/page"}],"author":[{"embeddable":true,"href":"https:\/\/www.videc-decolletage.com\/en\/wp-json\/wp\/v2\/users\/2"}],"replies":[{"embeddable":true,"href":"https:\/\/www.videc-decolletage.com\/en\/wp-json\/wp\/v2\/comments?post=26"}],"version-history":[{"count":2,"href":"https:\/\/www.videc-decolletage.com\/en\/wp-json\/wp\/v2\/pages\/26\/revisions"}],"predecessor-version":[{"id":759,"href":"https:\/\/www.videc-decolletage.com\/en\/wp-json\/wp\/v2\/pages\/26\/revisions\/759"}],"wp:attachment":[{"href":"https:\/\/www.videc-decolletage.com\/en\/wp-json\/wp\/v2\/media?parent=26"}],"curies":[{"name":"wp","href":"https:\/\/api.w.org\/{rel}","templated":true}]}}