{"id":662,"date":"2016-10-10T16:39:21","date_gmt":"2016-10-10T14:39:21","guid":{"rendered":"http:\/\/www.videc-decolletage.com\/?page_id=662"},"modified":"2016-10-10T16:40:25","modified_gmt":"2016-10-10T14:40:25","slug":"services","status":"publish","type":"page","link":"https:\/\/www.videc-decolletage.com\/en\/services\/","title":{"rendered":"Services"},"content":{"rendered":"<p><section class=\"tg-main-section haslayout  how-we-work \"    >\r\n\t<div class=\"container\">\r\n\t\t\t\t<div class=\"row\">\t<div class=\"col-xs-12 col-md-6  \" >\r\n\t\r\n<figure class=\"frame-img\"><img decoding=\"async\" src=\"https:\/\/www.videc-decolletage.com\/wp-content\/uploads\/2016\/06\/videc-572x437.jpg\" alt=\"Image Frame\" \/><\/figure>\r\n<\/div>\r\n<div class=\"col-xs-12 col-md-6  \" >\r\n\t\r\n<div class=\"heading-pattern\">\r\n            <h2>Our models<\/h2>\r\n    <\/div>\r\n        <div class=\"description\">\r\n        <p>Small, medium &amp; large series,<\/p>\n<p>possibility to create prototypes<\/p>\n<p>&nbsp;<\/p>\n<p>On one hand, our business relies on the knowledge of our research department which determines the optimal production process for each product and on the other hand, a perfect knowledge of the vast local industrial market with whom we work closely, in order to offer you products at the best rate.<\/p>        <\/div>\r\n<\/div>\r\n<\/div>\r\n\t<\/div>\r\n<\/section>\r\n<section class=\"tg-main-section haslayout   \"  style=\"background-image:url(http:\/\/www.videc-decolletage.com\/wp-content\/uploads\/2016\/03\/bandeau.png);margin-top:50px;margin-right:-400px;margin-bottom:50px;margin-left:-400px;background-repeat:no-repeat;background-position:0% 100%; background-size: cover;\"  >\r\n\t<div class=\"container\">\r\n\t\t\t\t<div class=\"row\">\t<div class=\"col-xs-12  \" >\r\n\t<div class=\"tg-buynowbox\">\r\n\t<h3 style=\"color:#ffffff\">For more informations, please contact use<\/h3>\r\n\t<a class=\"tg-btn\" style=\"color:#ffffff\" href=\"http:\/\/www.videc-decolletage.com\/contact\/\">Click here<\/a>\r\n<\/div><\/div>\r\n<\/div>\r\n\t<\/div>\r\n<\/section>\r\n<section class=\"tg-main-section haslayout   \" id=\"machine\" style=\"padding-bottom:0px;background-repeat:no-repeat;background-position:0% 100%; background-size: cover;\"  >\r\n\t<div class=\"container\">\r\n\t\t\t\t<div class=\"row\">\t<div class=\"col-xs-12  \" >\r\n\t<div class=\"sc-teams\">\r\n\t\t<div class=\"col-sm-8 col-sm-offset-2 col-xs-12\">\r\n\t\t<div class=\"tg-section-head tg-haslayout\">\r\n\t\t\t\t\t\t<div class=\"tg-section-heading tg-haslayout\">\r\n\t\t\t\t<h2>Ours machines<\/h2>\r\n\t\t\t<\/div>\r\n\t\t\t\t\t\t\t\t\t\t<div class=\"tg-description tg-haslayout\">\r\n\t\t\t\t\t<p>From traditional machines or computer numerical control, we are able to respond to all types of requests.<\/p>\r\n\t\t\t\t<\/div>\r\n\t\t\t\t\t<\/div>\r\n\t<\/div>\r\n\t\t<div class=\"row\">\r\n\t\t<div id=\"team-slider-1\" class=\"tg-team-slider tg-haslayout\">\r\n\t\t \t\t\t\t\t<div class=\"item tg-team\">\r\n\t\t\t\t\t<figure>\r\n\t\t\t\t\t\t<img decoding=\"async\" alt=\"Tornos DECO 20A\" src=\"\/\/www.videc-decolletage.com\/wp-content\/uploads\/2016\/06\/tornos_20a-1.jpg\">\r\n\t\t\t\t\t\t<figcaption class=\"tg-team-hover\">\r\n\t\t\t\t\t\t\t<div class=\"tg-displaytable\">\r\n\t\t\t\t\t\t\t\t<div class=\"tg-displaytablecell\">\r\n\t\t\t\t\t\t\t\t\t\t\t\t\t\t\t\t\t\t<div class=\"tg-heading-border\">\r\n\t\t\t\t\t\t\t\t\t\t<h3>Tornos DECO 20A<\/h3>\r\n\t\t\t\t\t\t\t\t\t<\/div>\r\n\t\t\t\t\t\t\t\t\t\t\t\t\t\t\t\t\t\t\t\t\t\t\t\t\t\t\t\t\t\t\t\t\t\t\t\t\t\t\t\t\t\t\t\t<\/div>\r\n\t\t\t\t\t\t\t<\/div>\r\n\t\t\t\t\t\t<\/figcaption>\r\n\t\t\t\t\t<\/figure>\r\n\t\t\t\t<\/div>\r\n\t\t\t\t\t\t\t<div class=\"item tg-team\">\r\n\t\t\t\t\t<figure>\r\n\t\t\t\t\t\t<img decoding=\"async\" alt=\"Tornos ENC 167\" src=\"\/\/www.videc-decolletage.com\/wp-content\/uploads\/2016\/06\/tornos-167-1.jpg\">\r\n\t\t\t\t\t\t<figcaption class=\"tg-team-hover\">\r\n\t\t\t\t\t\t\t<div class=\"tg-displaytable\">\r\n\t\t\t\t\t\t\t\t<div class=\"tg-displaytablecell\">\r\n\t\t\t\t\t\t\t\t\t\t\t\t\t\t\t\t\t\t<div class=\"tg-heading-border\">\r\n\t\t\t\t\t\t\t\t\t\t<h3>Tornos ENC 167<\/h3>\r\n\t\t\t\t\t\t\t\t\t<\/div>\r\n\t\t\t\t\t\t\t\t\t\t\t\t\t\t\t\t\t\t\t\t\t\t\t\t\t\t\t\t\t\t\t\t\t\t\t\t\t\t\t\t\t\t\t\t<\/div>\r\n\t\t\t\t\t\t\t<\/div>\r\n\t\t\t\t\t\t<\/figcaption>\r\n\t\t\t\t\t<\/figure>\r\n\t\t\t\t<\/div>\r\n\t\t\t\t\t\t\t<div class=\"item tg-team\">\r\n\t\t\t\t\t<figure>\r\n\t\t\t\t\t\t<img decoding=\"async\" alt=\"Citizen M32 AXE Y\" src=\"\/\/www.videc-decolletage.com\/wp-content\/uploads\/2016\/06\/citi.jpg\">\r\n\t\t\t\t\t\t<figcaption class=\"tg-team-hover\">\r\n\t\t\t\t\t\t\t<div class=\"tg-displaytable\">\r\n\t\t\t\t\t\t\t\t<div class=\"tg-displaytablecell\">\r\n\t\t\t\t\t\t\t\t\t\t\t\t\t\t\t\t\t\t<div class=\"tg-heading-border\">\r\n\t\t\t\t\t\t\t\t\t\t<h3>Citizen M32 AXE Y<\/h3>\r\n\t\t\t\t\t\t\t\t\t<\/div>\r\n\t\t\t\t\t\t\t\t\t\t\t\t\t\t\t\t\t\t\t\t\t\t\t\t\t\t\t\t\t\t\t\t\t\t\t\t\t\t\t\t\t\t\t\t<\/div>\r\n\t\t\t\t\t\t\t<\/div>\r\n\t\t\t\t\t\t<\/figcaption>\r\n\t\t\t\t\t<\/figure>\r\n\t\t\t\t<\/div>\r\n\t\t\t\t\t\t\t<div class=\"item tg-team\">\r\n\t\t\t\t\t<figure>\r\n\t\t\t\t\t\t<img decoding=\"async\" alt=\"Tornos ENC 167 AXE Y\" src=\"\/\/www.videc-decolletage.com\/wp-content\/uploads\/2016\/06\/tornos-167-1.jpg\">\r\n\t\t\t\t\t\t<figcaption class=\"tg-team-hover\">\r\n\t\t\t\t\t\t\t<div class=\"tg-displaytable\">\r\n\t\t\t\t\t\t\t\t<div class=\"tg-displaytablecell\">\r\n\t\t\t\t\t\t\t\t\t\t\t\t\t\t\t\t\t\t<div class=\"tg-heading-border\">\r\n\t\t\t\t\t\t\t\t\t\t<h3>Tornos ENC 167 AXE Y<\/h3>\r\n\t\t\t\t\t\t\t\t\t<\/div>\r\n\t\t\t\t\t\t\t\t\t\t\t\t\t\t\t\t\t\t\t\t\t\t\t\t\t\t\t\t\t\t\t\t\t\t\t\t\t\t\t\t\t\t\t\t<\/div>\r\n\t\t\t\t\t\t\t<\/div>\r\n\t\t\t\t\t\t<\/figcaption>\r\n\t\t\t\t\t<\/figure>\r\n\t\t\t\t<\/div>\r\n\t\t\t\t\t<\/div>\r\n\t<\/div>\r\n\t<script>\r\n\t\tjQuery(document).ready(function(e) {\r\n\t\t\tjQuery(\"#team-slider-1\").owlCarousel({\r\n\t\t\t\tautoPlay: false,\r\n\t\t\t\titems: 4,\r\n\t\t\t\titemsDesktop: [1199, 3],\r\n\t\t\t\titemsDesktopSmall: [979, 3],\r\n\t\t\t\titemsTabletSmall: [568, 1],\r\n\t\t\t\tpagination: true,\r\n\t\t\t\tnavigation: false,\r\n\t\t\t\tnavigationText: [\r\n\t\t\t\t\t\"<i class='fa fa-angle-left'><\/i>\",\r\n\t\t\t\t\t\"<i class='fa fa-angle-right'><\/i>\"\r\n\t\t\t\t]\r\n\t\t\t});\r\n\t\t});\r\n\t<\/script>\r\n<\/div><\/div>\r\n<\/div>\r\n\t<\/div>\r\n<\/section>\r\n<section class=\"tg-main-section haslayout   \"    >\r\n\t<div class=\"container\">\r\n\t\t\t\t<div class=\"row\">\t<div class=\"col-xs-12  \" >\r\n\t\r\n<div class=\"heading-pattern\">\r\n    <\/div>\r\n        <div class=\"description\">\r\n        <h3 style=\"text-align: center;\">Traditional machines :<\/h3>\n<p style=\"text-align: center;\">Tormos R10<\/p>\n<p style=\"text-align: center;\">Strohm SJ125<\/p>\n<p style=\"text-align: center;\">WIRTH TAM20<\/p>\n<p style=\"text-align: center;\">\u00a0<\/p>\n<p style=\"text-align: center;\">All our machines are equipped with motorized tools and bar feeders.<\/p>        <\/div>\r\n<\/div>\r\n<\/div>\r\n\t<\/div>\r\n<\/section>\r\n<\/p>\n","protected":false},"excerpt":{"rendered":"<p>Our models Small, medium &amp; large series, possibility to create prototypes &nbsp; On one hand, our business relies on the knowledge of our research department which determines the optimal production process for each product and on the other hand, a perfect knowledge of the vast local industrial market with whom we work closely, in order&#8230;.<\/p>\n","protected":false},"author":2,"featured_media":0,"parent":0,"menu_order":0,"comment_status":"closed","ping_status":"closed","template":"","meta":{"footnotes":""},"class_list":["post-662","page","type-page","status-publish","hentry"],"yoast_head":"<!-- This site is optimized with the Yoast SEO plugin v27.4 - https:\/\/yoast.com\/product\/yoast-seo-wordpress\/ -->\n<title>Services - Videc | D\u00e9colletage de Pr\u00e9cision<\/title>\n<meta name=\"robots\" content=\"index, follow, max-snippet:-1, max-image-preview:large, max-video-preview:-1\" \/>\n<link rel=\"canonical\" href=\"https:\/\/www.videc-decolletage.com\/en\/services\/\" \/>\n<meta property=\"og:locale\" content=\"en_US\" \/>\n<meta property=\"og:type\" content=\"article\" \/>\n<meta property=\"og:title\" content=\"Services - Videc | D\u00e9colletage de Pr\u00e9cision\" \/>\n<meta property=\"og:description\" content=\"Our models Small, medium &amp; large series, possibility to create prototypes &nbsp; On one hand, our business relies on the knowledge of our research department which determines the optimal production process for each product and on the other hand, a perfect knowledge of the vast local industrial market with whom we work closely, in order....\" \/>\n<meta property=\"og:url\" content=\"https:\/\/www.videc-decolletage.com\/en\/services\/\" \/>\n<meta property=\"og:site_name\" content=\"Videc | D\u00e9colletage de Pr\u00e9cision\" \/>\n<meta property=\"article:modified_time\" content=\"2016-10-10T14:40:25+00:00\" \/>\n<meta name=\"twitter:card\" content=\"summary_large_image\" \/>\n<script type=\"application\/ld+json\" class=\"yoast-schema-graph\">{\"@context\":\"https:\\\/\\\/schema.org\",\"@graph\":[{\"@type\":\"WebPage\",\"@id\":\"https:\\\/\\\/www.videc-decolletage.com\\\/en\\\/services\\\/\",\"url\":\"https:\\\/\\\/www.videc-decolletage.com\\\/en\\\/services\\\/\",\"name\":\"Services - Videc | D\u00e9colletage de Pr\u00e9cision\",\"isPartOf\":{\"@id\":\"https:\\\/\\\/www.videc-decolletage.com\\\/#website\"},\"datePublished\":\"2016-10-10T14:39:21+00:00\",\"dateModified\":\"2016-10-10T14:40:25+00:00\",\"breadcrumb\":{\"@id\":\"https:\\\/\\\/www.videc-decolletage.com\\\/en\\\/services\\\/#breadcrumb\"},\"inLanguage\":\"en-US\",\"potentialAction\":[{\"@type\":\"ReadAction\",\"target\":[\"https:\\\/\\\/www.videc-decolletage.com\\\/en\\\/services\\\/\"]}]},{\"@type\":\"BreadcrumbList\",\"@id\":\"https:\\\/\\\/www.videc-decolletage.com\\\/en\\\/services\\\/#breadcrumb\",\"itemListElement\":[{\"@type\":\"ListItem\",\"position\":1,\"name\":\"Accueil\",\"item\":\"https:\\\/\\\/www.videc-decolletage.com\\\/en\\\/\"},{\"@type\":\"ListItem\",\"position\":2,\"name\":\"Services\"}]},{\"@type\":\"WebSite\",\"@id\":\"https:\\\/\\\/www.videc-decolletage.com\\\/#website\",\"url\":\"https:\\\/\\\/www.videc-decolletage.com\\\/\",\"name\":\"Videc | D\u00e9colletage de Pr\u00e9cision\",\"description\":\"Situ\u00e9 \u00e0 Magland en Haute Savoie\",\"potentialAction\":[{\"@type\":\"SearchAction\",\"target\":{\"@type\":\"EntryPoint\",\"urlTemplate\":\"https:\\\/\\\/www.videc-decolletage.com\\\/?s={search_term_string}\"},\"query-input\":{\"@type\":\"PropertyValueSpecification\",\"valueRequired\":true,\"valueName\":\"search_term_string\"}}],\"inLanguage\":\"en-US\"}]}<\/script>\n<!-- \/ Yoast SEO plugin. -->","yoast_head_json":{"title":"Services - Videc | D\u00e9colletage de Pr\u00e9cision","robots":{"index":"index","follow":"follow","max-snippet":"max-snippet:-1","max-image-preview":"max-image-preview:large","max-video-preview":"max-video-preview:-1"},"canonical":"https:\/\/www.videc-decolletage.com\/en\/services\/","og_locale":"en_US","og_type":"article","og_title":"Services - Videc | D\u00e9colletage de Pr\u00e9cision","og_description":"Our models Small, medium &amp; large series, possibility to create prototypes &nbsp; On one hand, our business relies on the knowledge of our research department which determines the optimal production process for each product and on the other hand, a perfect knowledge of the vast local industrial market with whom we work closely, in order....","og_url":"https:\/\/www.videc-decolletage.com\/en\/services\/","og_site_name":"Videc | D\u00e9colletage de Pr\u00e9cision","article_modified_time":"2016-10-10T14:40:25+00:00","twitter_card":"summary_large_image","schema":{"@context":"https:\/\/schema.org","@graph":[{"@type":"WebPage","@id":"https:\/\/www.videc-decolletage.com\/en\/services\/","url":"https:\/\/www.videc-decolletage.com\/en\/services\/","name":"Services - Videc | D\u00e9colletage de Pr\u00e9cision","isPartOf":{"@id":"https:\/\/www.videc-decolletage.com\/#website"},"datePublished":"2016-10-10T14:39:21+00:00","dateModified":"2016-10-10T14:40:25+00:00","breadcrumb":{"@id":"https:\/\/www.videc-decolletage.com\/en\/services\/#breadcrumb"},"inLanguage":"en-US","potentialAction":[{"@type":"ReadAction","target":["https:\/\/www.videc-decolletage.com\/en\/services\/"]}]},{"@type":"BreadcrumbList","@id":"https:\/\/www.videc-decolletage.com\/en\/services\/#breadcrumb","itemListElement":[{"@type":"ListItem","position":1,"name":"Accueil","item":"https:\/\/www.videc-decolletage.com\/en\/"},{"@type":"ListItem","position":2,"name":"Services"}]},{"@type":"WebSite","@id":"https:\/\/www.videc-decolletage.com\/#website","url":"https:\/\/www.videc-decolletage.com\/","name":"Videc | D\u00e9colletage de Pr\u00e9cision","description":"Situ\u00e9 \u00e0 Magland en Haute Savoie","potentialAction":[{"@type":"SearchAction","target":{"@type":"EntryPoint","urlTemplate":"https:\/\/www.videc-decolletage.com\/?s={search_term_string}"},"query-input":{"@type":"PropertyValueSpecification","valueRequired":true,"valueName":"search_term_string"}}],"inLanguage":"en-US"}]}},"_links":{"self":[{"href":"https:\/\/www.videc-decolletage.com\/en\/wp-json\/wp\/v2\/pages\/662","targetHints":{"allow":["GET"]}}],"collection":[{"href":"https:\/\/www.videc-decolletage.com\/en\/wp-json\/wp\/v2\/pages"}],"about":[{"href":"https:\/\/www.videc-decolletage.com\/en\/wp-json\/wp\/v2\/types\/page"}],"author":[{"embeddable":true,"href":"https:\/\/www.videc-decolletage.com\/en\/wp-json\/wp\/v2\/users\/2"}],"replies":[{"embeddable":true,"href":"https:\/\/www.videc-decolletage.com\/en\/wp-json\/wp\/v2\/comments?post=662"}],"version-history":[{"count":0,"href":"https:\/\/www.videc-decolletage.com\/en\/wp-json\/wp\/v2\/pages\/662\/revisions"}],"wp:attachment":[{"href":"https:\/\/www.videc-decolletage.com\/en\/wp-json\/wp\/v2\/media?parent=662"}],"curies":[{"name":"wp","href":"https:\/\/api.w.org\/{rel}","templated":true}]}}