{"id":669,"date":"2016-10-10T17:16:54","date_gmt":"2016-10-10T15:16:54","guid":{"rendered":"http:\/\/www.videc-decolletage.com\/?page_id=669"},"modified":"2023-02-23T16:03:54","modified_gmt":"2023-02-23T15:03:54","slug":"home","status":"publish","type":"page","link":"https:\/\/www.videc-decolletage.com\/en\/","title":{"rendered":"Home"},"content":{"rendered":"<p><section class=\"tg-main-section haslayout   \"  style=\"margin-top:-154px;padding-bottom:0px;background-repeat:no-repeat;background-position:0% 100%; background-size: cover;\"  >\r\n\t<div class=\"container\">\r\n\t\t\t\t<div class=\"row\">\t<div class=\"col-xs-12  \" >\r\n\t<div class=\"sc-services\">\r\n\t\t<div class=\"row\">\r\n\t\t<div id=\"tg-features-1\" class=\"tg-features\">\r\n\t\t\t\t\t\t\t<div class=\"item\">\r\n\t\t\t\t\t<div class=\"tg-feature\">\r\n\t\t\t\t\t\t\t\t\t\t\t\t<figure>\r\n\t\t\t\t\t\t\t<img decoding=\"async\" src=\"\/\/www.videc-decolletage.com\/wp-content\/uploads\/2016\/03\/parc.png\" alt=\"Our machines\">\r\n\t\t\t\t\t\t\t<figcaption class=\"tg-feature-hover\">\r\n\t\t\t\t\t\t\t\t<a href=\"http:\/\/www.videc-decolletage.com\/savoir-faire\/#machine\"><i class=\"icon-back28\"><\/i><\/a>\r\n\t\t\t\t\t\t\t<\/figcaption>\r\n\t\t\t\t\t\t<\/figure>\r\n\t\t\t\t\t\t\t\t\t\t\t\t<div class=\"tg-feature-data\">\r\n\t\t\t\t\t\t\t\t\t\t\t\t\t\t<div class=\"tg-heading-border\">\r\n\t\t\t\t\t\t\t\t<h3>Our machines<\/h3>\r\n\t\t\t\t\t\t\t<\/div>\r\n\t\t\t\t\t\t\t\t\t\t\t\t\t\t\t\t\t\t\t\t\t\t<div class=\"tg-description\">\r\n\t\t\t\t\t\t\t\t\t<p>Look at our machines<\/p>\r\n\t\t\t\t\t\t\t\t<\/div>\r\n\t\t\t\t\t\t\t\t\t\t\t\t\t\t<\/div>\r\n\t\t\t\t\t\t<\/div>\r\n\t\t\t\t<\/div>\r\n\t\t\t\t\t\t\t<div class=\"item\">\r\n\t\t\t\t\t<div class=\"tg-feature\">\r\n\t\t\t\t\t\t\t\t\t\t\t\t<figure>\r\n\t\t\t\t\t\t\t<img decoding=\"async\" src=\"\/\/www.videc-decolletage.com\/wp-content\/uploads\/2016\/03\/serie-1.png\" alt=\"Small, medium &amp; large series \">\r\n\t\t\t\t\t\t\t<figcaption class=\"tg-feature-hover\">\r\n\t\t\t\t\t\t\t\t<a href=\"http:\/\/www.videc-decolletage.com\/savoir-faire\/\"><i class=\"icon-back28\"><\/i><\/a>\r\n\t\t\t\t\t\t\t<\/figcaption>\r\n\t\t\t\t\t\t<\/figure>\r\n\t\t\t\t\t\t\t\t\t\t\t\t<div class=\"tg-feature-data\">\r\n\t\t\t\t\t\t\t\t\t\t\t\t\t\t<div class=\"tg-heading-border\">\r\n\t\t\t\t\t\t\t\t<h3>Small, medium &amp; large series <\/h3>\r\n\t\t\t\t\t\t\t<\/div>\r\n\t\t\t\t\t\t\t\t\t\t\t\t\t\t\t\t\t\t\t\t\t\t<div class=\"tg-description\">\r\n\t\t\t\t\t\t\t\t\t<p>Small, medium &amp; large series , with possibility to create prototypes.<\/p>\r\n\t\t\t\t\t\t\t\t<\/div>\r\n\t\t\t\t\t\t\t\t\t\t\t\t\t\t<\/div>\r\n\t\t\t\t\t\t<\/div>\r\n\t\t\t\t<\/div>\r\n\t\t\t\t\t\t\t<div class=\"item\">\r\n\t\t\t\t\t<div class=\"tg-feature\">\r\n\t\t\t\t\t\t\t\t\t\t\t\t<figure>\r\n\t\t\t\t\t\t\t<img decoding=\"async\" src=\"\/\/www.videc-decolletage.com\/wp-content\/uploads\/2016\/03\/fab-1.jpg\" alt=\"Our works\">\r\n\t\t\t\t\t\t\t<figcaption class=\"tg-feature-hover\">\r\n\t\t\t\t\t\t\t\t<a href=\"http:\/\/www.videc-decolletage.com\/produits\/\"><i class=\"icon-back28\"><\/i><\/a>\r\n\t\t\t\t\t\t\t<\/figcaption>\r\n\t\t\t\t\t\t<\/figure>\r\n\t\t\t\t\t\t\t\t\t\t\t\t<div class=\"tg-feature-data\">\r\n\t\t\t\t\t\t\t\t\t\t\t\t\t\t<div class=\"tg-heading-border\">\r\n\t\t\t\t\t\t\t\t<h3>Our works<\/h3>\r\n\t\t\t\t\t\t\t<\/div>\r\n\t\t\t\t\t\t\t\t\t\t\t\t\t\t\t\t\t\t\t\t\t\t<div class=\"tg-description\">\r\n\t\t\t\t\t\t\t\t\t<p>Find our last creations<\/p>\r\n\t\t\t\t\t\t\t\t<\/div>\r\n\t\t\t\t\t\t\t\t\t\t\t\t\t\t<\/div>\r\n\t\t\t\t\t\t<\/div>\r\n\t\t\t\t<\/div>\r\n\t\t\t\t\t<\/div>\r\n\t\t<script>\r\n\t\t\tjQuery(document).ready(function(e) {\r\n\t\t\t\tjQuery(\"#tg-features-1\").owlCarousel({\r\n\t\t\t\t\tautoPlay: false,\r\n\t\t\t\t\titems: 3,\r\n\t\t\t\t\titemsDesktop: [1199, 3],\r\n\t\t\t\t\titemsDesktopSmall: [991, 2],\r\n\t\t\t\t\titemsTabletSmall: [639, 1, 0],\r\n\t\t\t\t\tslideSpeed: 300,\r\n\t\t\t\t\tpaginationSpeed: 400,\r\n\t\t\t\t\tsingleItem: false,\r\n\t\t\t\t\tpagination: true,\r\n\t\t\t\t\tnavigation: false\r\n\t\t\t\t});\r\n\t\t\t});\r\n\t\t<\/script>\r\n\t<\/div>\r\n<\/div>\r\n\r\n<\/div>\r\n<\/div>\r\n\t<\/div>\r\n<\/section>\r\n<section class=\"tg-main-section haslayout   \" id=\"iso\"   >\r\n\t<div class=\"container\">\r\n\t\t\t\t<div class=\"row\">\t<div class=\"col-xs-12  \" >\r\n\t<div class=\"sc-work\">\r\n<div class=\"col-sm-8 col-sm-offset-2 col-xs-12\">\r\n\t<div class=\"tg-section-head tg-haslayout\">\r\n\t\t\t\t<div class=\"tg-section-heading tg-haslayout\">\r\n\t\t\t<h2>ISO Quality<\/h2>\r\n\t\t<\/div>\r\n\t\t\t\t\t\t\t<div class=\"tg-description tg-haslayout\">\r\n\t\t\t\t<p>Our internal control service, primarily focused on ISO certification procedures, ensures that products meet the specifications required for conformity, after each production phase. Based on the quality of the women and men that make up our team, an innovative procedure is implemented, searching for perpetual improvement, with the objective of having zero faults (or defects). Achieving this result requires that quality and traceability operate in a transversal manner. <\/p>\r\n\t\t\t<\/div>\r\n\t\t\t<\/div>\r\n<\/div>\r\n\t\t\t\t\t\r\n<div class=\"tg-howwework tg-haslayout\">\r\n\t\t\t<div class=\"col-lg-6 col-md-7 col-sm-12 col-xs-12 tg-verticalmiddle\">\r\n\t\t\t<figure>\r\n\t\t\t\t<img decoding=\"async\" src=\"\/\/www.videc-decolletage.com\/wp-content\/uploads\/2016\/03\/iso.png\" alt=\"\">\r\n\t\t\t<\/figure>\r\n\t\t<\/div>\r\n\t\t<div class=\"col-lg-6 col-md-5 col-sm-12 col-xs-12 tg-verticalmiddle\">\r\n\t\t<div class=\"tg-textbox\">\r\n\t\t\t\t\t\t<div class=\"tg-description\">\r\n\t\t\t\t<p>ISO certification :<\/p>\r\n\t\t\t<\/div>\r\n\t\t\t\t\t\t\t\t\t<ul>\r\n\t\t\t\t\t\t\t\t\t<li>\r\n\t\t\t\t\t\t<span class=\"tg-count\">01<\/span>\r\n\t\t\t\t\t\t<div class=\"tg-workdata\">\r\n\t\t\t\t\t\t\t\t\t\t\t\t\t\t<h3>ISO 9001 : 2008<\/h3>\r\n\t\t\t\t\t\t\t\t\t\t\t\t\t\t\t\t\t\t\t\t\t<div class=\"tg-work-description\">\r\n\t\t\t\t\t\t\t\t<p> \r\n <\/p>\r\n\t\t\t\t\t\t\t<\/div>\r\n\t\t\t\t\t\t\t\t\t\t\t\t\t<\/div>\r\n\t\t\t\t\t<\/li>\r\n\t\t\t\t\t\t\t\t\t<li>\r\n\t\t\t\t\t\t<span class=\"tg-count\">02<\/span>\r\n\t\t\t\t\t\t<div class=\"tg-workdata\">\r\n\t\t\t\t\t\t\t\t\t\t\t\t\t\t<h3>ISO 13485 : 2003<\/h3>\r\n\t\t\t\t\t\t\t\t\t\t\t\t\t\t\t\t\t\t\t\t\t<div class=\"tg-work-description\">\r\n\t\t\t\t\t\t\t\t<p> \r\n \r\n<\/p>\r\n\t\t\t\t\t\t\t<\/div>\r\n\t\t\t\t\t\t\t\t\t\t\t\t\t<\/div>\r\n\t\t\t\t\t<\/li>\r\n\t\t\t\t\t\t\t<\/ul>\r\n\t\t\t\t\t\t\t\t\t<a class=\"tg-btn\" href=\"https:\/\/www.videc-decolletage.com\/wp-content\/uploads\/2023\/02\/certificat-ISO-2025.pdf\">Upload the certification<\/a>\r\n\t\t\t\t\t<\/div>\r\n\t<\/div>\r\n<\/div>\r\n<\/div>\r\n\r\n<\/div>\r\n<\/div>\r\n\t<\/div>\r\n<\/section>\r\n<\/p>\n","protected":false},"excerpt":{"rendered":"<p>Our machines Look at our machines Small, medium &amp; large series Small, medium &amp; large series , with possibility to create prototypes. Our works Find our last creations ISO Quality Our internal control service, primarily focused on ISO certification procedures, ensures that products meet the specifications required for conformity, after each production phase. Based on&#8230;.<\/p>\n","protected":false},"author":2,"featured_media":0,"parent":0,"menu_order":0,"comment_status":"closed","ping_status":"closed","template":"template-parts\/template-fullwidth.php","meta":{"footnotes":""},"class_list":["post-669","page","type-page","status-publish","hentry"],"yoast_head":"<!-- This site is optimized with the Yoast SEO plugin v27.2 - https:\/\/yoast.com\/product\/yoast-seo-wordpress\/ -->\n<title>Home - Videc | D\u00e9colletage de Pr\u00e9cision<\/title>\n<meta name=\"robots\" content=\"index, follow, max-snippet:-1, max-image-preview:large, max-video-preview:-1\" \/>\n<link rel=\"canonical\" href=\"https:\/\/www.videc-decolletage.com\/en\/\" \/>\n<meta property=\"og:locale\" content=\"en_US\" \/>\n<meta property=\"og:type\" content=\"article\" \/>\n<meta property=\"og:title\" content=\"Home - Videc | D\u00e9colletage de Pr\u00e9cision\" \/>\n<meta property=\"og:description\" content=\"Our machines Look at our machines Small, medium &amp; large series Small, medium &amp; large series , with possibility to create prototypes. Our works Find our last creations ISO Quality Our internal control service, primarily focused on ISO certification procedures, ensures that products meet the specifications required for conformity, after each production phase. Based on....\" \/>\n<meta property=\"og:url\" content=\"https:\/\/www.videc-decolletage.com\/en\/\" \/>\n<meta property=\"og:site_name\" content=\"Videc | D\u00e9colletage de Pr\u00e9cision\" \/>\n<meta property=\"article:modified_time\" content=\"2023-02-23T15:03:54+00:00\" \/>\n<meta name=\"twitter:card\" content=\"summary_large_image\" \/>\n<script type=\"application\/ld+json\" class=\"yoast-schema-graph\">{\"@context\":\"https:\/\/schema.org\",\"@graph\":[{\"@type\":\"WebPage\",\"@id\":\"https:\/\/www.videc-decolletage.com\/en\/\",\"url\":\"https:\/\/www.videc-decolletage.com\/en\/\",\"name\":\"Home - Videc | D\u00e9colletage de Pr\u00e9cision\",\"isPartOf\":{\"@id\":\"https:\/\/www.videc-decolletage.com\/#website\"},\"datePublished\":\"2016-10-10T15:16:54+00:00\",\"dateModified\":\"2023-02-23T15:03:54+00:00\",\"breadcrumb\":{\"@id\":\"https:\/\/www.videc-decolletage.com\/en\/#breadcrumb\"},\"inLanguage\":\"en-US\",\"potentialAction\":[{\"@type\":\"ReadAction\",\"target\":[\"https:\/\/www.videc-decolletage.com\/en\/\"]}]},{\"@type\":\"BreadcrumbList\",\"@id\":\"https:\/\/www.videc-decolletage.com\/en\/#breadcrumb\",\"itemListElement\":[{\"@type\":\"ListItem\",\"position\":1,\"name\":\"Accueil\",\"item\":\"https:\/\/www.videc-decolletage.com\/en\/\"},{\"@type\":\"ListItem\",\"position\":2,\"name\":\"Home\"}]},{\"@type\":\"WebSite\",\"@id\":\"https:\/\/www.videc-decolletage.com\/#website\",\"url\":\"https:\/\/www.videc-decolletage.com\/\",\"name\":\"Videc | D\u00e9colletage de Pr\u00e9cision\",\"description\":\"Situ\u00e9 \u00e0 Magland en Haute Savoie\",\"potentialAction\":[{\"@type\":\"SearchAction\",\"target\":{\"@type\":\"EntryPoint\",\"urlTemplate\":\"https:\/\/www.videc-decolletage.com\/?s={search_term_string}\"},\"query-input\":{\"@type\":\"PropertyValueSpecification\",\"valueRequired\":true,\"valueName\":\"search_term_string\"}}],\"inLanguage\":\"en-US\"}]}<\/script>\n<!-- \/ Yoast SEO plugin. -->","yoast_head_json":{"title":"Home - Videc | D\u00e9colletage de Pr\u00e9cision","robots":{"index":"index","follow":"follow","max-snippet":"max-snippet:-1","max-image-preview":"max-image-preview:large","max-video-preview":"max-video-preview:-1"},"canonical":"https:\/\/www.videc-decolletage.com\/en\/","og_locale":"en_US","og_type":"article","og_title":"Home - Videc | D\u00e9colletage de Pr\u00e9cision","og_description":"Our machines Look at our machines Small, medium &amp; large series Small, medium &amp; large series , with possibility to create prototypes. Our works Find our last creations ISO Quality Our internal control service, primarily focused on ISO certification procedures, ensures that products meet the specifications required for conformity, after each production phase. Based on....","og_url":"https:\/\/www.videc-decolletage.com\/en\/","og_site_name":"Videc | D\u00e9colletage de Pr\u00e9cision","article_modified_time":"2023-02-23T15:03:54+00:00","twitter_card":"summary_large_image","schema":{"@context":"https:\/\/schema.org","@graph":[{"@type":"WebPage","@id":"https:\/\/www.videc-decolletage.com\/en\/","url":"https:\/\/www.videc-decolletage.com\/en\/","name":"Home - Videc | D\u00e9colletage de Pr\u00e9cision","isPartOf":{"@id":"https:\/\/www.videc-decolletage.com\/#website"},"datePublished":"2016-10-10T15:16:54+00:00","dateModified":"2023-02-23T15:03:54+00:00","breadcrumb":{"@id":"https:\/\/www.videc-decolletage.com\/en\/#breadcrumb"},"inLanguage":"en-US","potentialAction":[{"@type":"ReadAction","target":["https:\/\/www.videc-decolletage.com\/en\/"]}]},{"@type":"BreadcrumbList","@id":"https:\/\/www.videc-decolletage.com\/en\/#breadcrumb","itemListElement":[{"@type":"ListItem","position":1,"name":"Accueil","item":"https:\/\/www.videc-decolletage.com\/en\/"},{"@type":"ListItem","position":2,"name":"Home"}]},{"@type":"WebSite","@id":"https:\/\/www.videc-decolletage.com\/#website","url":"https:\/\/www.videc-decolletage.com\/","name":"Videc | D\u00e9colletage de Pr\u00e9cision","description":"Situ\u00e9 \u00e0 Magland en Haute Savoie","potentialAction":[{"@type":"SearchAction","target":{"@type":"EntryPoint","urlTemplate":"https:\/\/www.videc-decolletage.com\/?s={search_term_string}"},"query-input":{"@type":"PropertyValueSpecification","valueRequired":true,"valueName":"search_term_string"}}],"inLanguage":"en-US"}]}},"_links":{"self":[{"href":"https:\/\/www.videc-decolletage.com\/en\/wp-json\/wp\/v2\/pages\/669","targetHints":{"allow":["GET"]}}],"collection":[{"href":"https:\/\/www.videc-decolletage.com\/en\/wp-json\/wp\/v2\/pages"}],"about":[{"href":"https:\/\/www.videc-decolletage.com\/en\/wp-json\/wp\/v2\/types\/page"}],"author":[{"embeddable":true,"href":"https:\/\/www.videc-decolletage.com\/en\/wp-json\/wp\/v2\/users\/2"}],"replies":[{"embeddable":true,"href":"https:\/\/www.videc-decolletage.com\/en\/wp-json\/wp\/v2\/comments?post=669"}],"version-history":[{"count":2,"href":"https:\/\/www.videc-decolletage.com\/en\/wp-json\/wp\/v2\/pages\/669\/revisions"}],"predecessor-version":[{"id":777,"href":"https:\/\/www.videc-decolletage.com\/en\/wp-json\/wp\/v2\/pages\/669\/revisions\/777"}],"wp:attachment":[{"href":"https:\/\/www.videc-decolletage.com\/en\/wp-json\/wp\/v2\/media?parent=669"}],"curies":[{"name":"wp","href":"https:\/\/api.w.org\/{rel}","templated":true}]}}